{"id":2,"date":"2019-01-22T17:50:28","date_gmt":"2019-01-22T17:50:28","guid":{"rendered":"http:\/\/www.rimerelektrik.com\/?page_id=2"},"modified":"2019-01-22T16:21:33","modified_gmt":"2019-01-22T16:21:33","slug":"about","status":"publish","type":"page","link":"https:\/\/www.rimerelektrik.com\/?page_id=2","title":{"rendered":"Hakk\u0131m\u0131zda"},"content":{"rendered":"<p>\u00a0 \u00a0 \u00a0 \u00a0 \u00a0 \u00a0Rimer Elektrik 1994 y\u0131l\u0131nda \u0130stanbul da kurulmu\u015f olup Elektrik saya\u00e7lar\u0131 ve Elektrik Saya\u00e7lar\u0131 test ayar istasyonlar\u0131 \u00fcretimi bak\u0131m\u0131 ve onar\u0131m\u0131 konular\u0131nda faaliyet g\u00f6stermi\u015ftir. Geli\u015fen teknoloji ile birlikte Elektronik elektrik saya\u00e7lar\u0131n\u0131n uzaktan okunmas\u0131 sistemleri kurulumu ve yaz\u0131l\u0131m geli\u015ftirme konular\u0131nda faaliyet alan\u0131n\u0131 geli\u015ftirmi\u015f ve Elektrik Da\u011f\u0131t\u0131m \u015eirketleri, OSB (Organize Sanayi B\u00f6lgeleri, AVM lere OSOS sistemleri kurulumu Elektrik saya\u00e7lar\u0131 test hizmetleri ve Fatura dan\u0131\u015fmnal\u0131\u011f\u0131 konusunda hizmet vermeye devam etmektedir.<\/p>\n\n\n<p><\/p>\n","protected":false},"excerpt":{"rendered":"<p>\u00a0 \u00a0 \u00a0 \u00a0 \u00a0 \u00a0Rimer Elektrik 1994 y\u0131l\u0131nda \u0130stanbul da kurulmu\u015f olup Elektrik saya\u00e7lar\u0131 ve Elektrik Saya\u00e7lar\u0131 test ayar istasyonlar\u0131 \u00fcretimi bak\u0131m\u0131 ve onar\u0131m\u0131 konular\u0131nda faaliyet g\u00f6stermi\u015ftir. Geli\u015fen teknoloji ile birlikte Elektronik elektrik saya\u00e7lar\u0131n\u0131n uzaktan okunmas\u0131 sistemleri kurulumu ve yaz\u0131l\u0131m geli\u015ftirme konular\u0131nda faaliyet alan\u0131n\u0131 geli\u015ftirmi\u015f ve Elektrik Da\u011f\u0131t\u0131m \u015eirketleri, OSB (Organize Sanayi B\u00f6lgeleri, AVM&hellip; <br \/> <a class=\"read-more\" href=\"https:\/\/www.rimerelektrik.com\/?page_id=2\">Devam\u0131<\/a><\/p>\n","protected":false},"author":1,"featured_media":0,"parent":0,"menu_order":0,"comment_status":"open","ping_status":"open","template":"","meta":[],"_links":{"self":[{"href":"https:\/\/www.rimerelektrik.com\/index.php?rest_route=\/wp\/v2\/pages\/2"}],"collection":[{"href":"https:\/\/www.rimerelektrik.com\/index.php?rest_route=\/wp\/v2\/pages"}],"about":[{"href":"https:\/\/www.rimerelektrik.com\/index.php?rest_route=\/wp\/v2\/types\/page"}],"author":[{"embeddable":true,"href":"https:\/\/www.rimerelektrik.com\/index.php?rest_route=\/wp\/v2\/users\/1"}],"replies":[{"embeddable":true,"href":"https:\/\/www.rimerelektrik.com\/index.php?rest_route=%2Fwp%2Fv2%2Fcomments&post=2"}],"version-history":[{"count":4,"href":"https:\/\/www.rimerelektrik.com\/index.php?rest_route=\/wp\/v2\/pages\/2\/revisions"}],"predecessor-version":[{"id":58,"href":"https:\/\/www.rimerelektrik.com\/index.php?rest_route=\/wp\/v2\/pages\/2\/revisions\/58"}],"wp:attachment":[{"href":"https:\/\/www.rimerelektrik.com\/index.php?rest_route=%2Fwp%2Fv2%2Fmedia&parent=2"}],"curies":[{"name":"wp","href":"https:\/\/api.w.org\/{rel}","templated":true}]}}