{"id":25,"date":"2019-01-22T15:06:55","date_gmt":"2019-01-22T15:06:55","guid":{"rendered":"http:\/\/www.rimerelektrik.com\/?page_id=25"},"modified":"2019-05-21T19:45:34","modified_gmt":"2019-05-21T19:45:34","slug":"hizmetler","status":"publish","type":"page","link":"https:\/\/www.rimerelektrik.com\/?page_id=25","title":{"rendered":"Hizmetler"},"content":{"rendered":"\n<figure class=\"wp-block-image\"><img loading=\"lazy\" width=\"1024\" height=\"574\" src=\"http:\/\/www.rimerelektrik.com\/wp-content\/uploads\/2019\/05\/cap1-1-1024x574.png\" alt=\"\" class=\"wp-image-145\" srcset=\"https:\/\/www.rimerelektrik.com\/wp-content\/uploads\/2019\/05\/cap1-1-1024x574.png 1024w, https:\/\/www.rimerelektrik.com\/wp-content\/uploads\/2019\/05\/cap1-1-300x168.png 300w, https:\/\/www.rimerelektrik.com\/wp-content\/uploads\/2019\/05\/cap1-1-768x430.png 768w, https:\/\/www.rimerelektrik.com\/wp-content\/uploads\/2019\/05\/cap1-1-1920x1075.png 1920w\" sizes=\"(max-width: 1024px) 100vw, 1024px\" \/><\/figure>\n\n\n\n<ul><li> Yat\u0131r\u0131m maliyeti yoktur<\/li><li>\u0130\u015fletme maliyeti yoktur<\/li><li>IT altyap\u0131s\u0131\/uzmanl\u0131\u011f\u0131 gereksinimi yoktur<\/li><li>Web tabanl\u0131 yap\u0131s\u0131 ile her yerden eri\u015fim imkan\u0131 vard\u0131r<\/li><li>Ayl\u0131k hizmet s\u00f6zle\u015fmeleri ile y\u00f6netilir, her zaman ko\u015fulsuz iptal edilebilir<\/li><li>1 &#8211; 5000 \/ saya\u00e7 k\u0131r\u0131l\u0131m\u0131 ile kulland\u0131\u011f\u0131n\u0131z kadar \u00f6dersiniz<\/li><li>Eklenen yeni \u00f6zellikten \u00fccretsiz faydalan\u0131rs\u0131n\u0131z<\/li><li>Yerli\/Yabanc\u0131 t\u00fcm marka\/model saya\u00e7lar (268 \u00e7e\u015fit) ile uyumludur<\/li><li>Yerli\/Yabanc\u0131 t\u00fcm ak\u0131ll\u0131\/\u015feffaf modemler (gsm\/ethernet\/fiber 19 \u00e7e\u015fit) ile uyumludur<\/li><li>Dakikalar i\u00e7inde devreye al\u0131nabilir yap\u0131dad\u0131r<\/li><\/ul>\n\n\n\n<div class=\"wp-block-media-text alignwide has-very-light-gray-background-color\"><figure class=\"wp-block-media-text__media\"><img loading=\"lazy\" width=\"1024\" height=\"493\" src=\"http:\/\/www.rimerelektrik.com\/wp-content\/uploads\/2019\/01\/serenty-1024x493.jpg\" alt=\"\" class=\"wp-image-13\" srcset=\"https:\/\/www.rimerelektrik.com\/wp-content\/uploads\/2019\/01\/serenty-1024x493.jpg 1024w, https:\/\/www.rimerelektrik.com\/wp-content\/uploads\/2019\/01\/serenty-300x144.jpg 300w, https:\/\/www.rimerelektrik.com\/wp-content\/uploads\/2019\/01\/serenty-768x369.jpg 768w, https:\/\/www.rimerelektrik.com\/wp-content\/uploads\/2019\/01\/serenty.jpg 1879w\" sizes=\"(max-width: 1024px) 100vw, 1024px\" \/><\/figure><div class=\"wp-block-media-text__content\">\n<p> OSOS <\/p>\n\n\n\n<p>Esnek ve kullan\u0131c\u0131 dostu, kullan\u0131c\u0131 isteklerine g\u00f6re ayarlanabilen dinamik ekranlar. <\/p>\n<\/div><\/div>\n\n\n\n<div class=\"wp-block-media-text alignwide has-media-on-the-right\"><figure class=\"wp-block-media-text__media\"><img loading=\"lazy\" width=\"179\" height=\"101\" src=\"http:\/\/www.rimerelektrik.com\/wp-content\/uploads\/2019\/01\/testolcummini.jpg\" alt=\"\" class=\"wp-image-14\"\/><\/figure><div class=\"wp-block-media-text__content\">\n<p class=\"has-background has-very-light-gray-background-color\">\n\nAlan\u0131nda yetenekli personeller ile yerinde ve Laboratuar ortam\u0131nda elektrik saya\u00e7lar\u0131 ve \u00f6l\u00e7\u00fcm elemanlar\u0131 testi ve raporlama hizmetleri.\n\n<\/p>\n<\/div><\/div>\n\n\n\n<div class=\"wp-block-media-text alignwide\"><figure class=\"wp-block-media-text__media\"><img loading=\"lazy\" width=\"300\" height=\"168\" src=\"http:\/\/www.rimerelektrik.com\/wp-content\/uploads\/2019\/01\/fatura.jpg\" alt=\"\" class=\"wp-image-48\"\/><\/figure><div class=\"wp-block-media-text__content\">\n<p style=\"font-size:14px\" class=\"has-background has-very-light-gray-background-color\"><strong>Y\u00fcksek gelen elektrik faturalar\u0131n\u0131z yahut usuls\u00fcz ceza uyguland\u0131\u011f\u0131 d\u00fc\u015f\u00fcnceniz var ise, uzmanlar\u0131m\u0131z sizin i\u00e7in kontrol etsin.<\/strong><\/p>\n<\/div><\/div>\n","protected":false},"excerpt":{"rendered":"<p>Yat\u0131r\u0131m maliyeti yoktur \u0130\u015fletme maliyeti yoktur IT altyap\u0131s\u0131\/uzmanl\u0131\u011f\u0131 gereksinimi yoktur Web tabanl\u0131 yap\u0131s\u0131 ile her yerden eri\u015fim imkan\u0131 vard\u0131r Ayl\u0131k hizmet s\u00f6zle\u015fmeleri ile y\u00f6netilir, her zaman ko\u015fulsuz iptal edilebilir 1 &#8211; 5000 \/ saya\u00e7 k\u0131r\u0131l\u0131m\u0131 ile kulland\u0131\u011f\u0131n\u0131z kadar \u00f6dersiniz Eklenen yeni \u00f6zellikten \u00fccretsiz faydalan\u0131rs\u0131n\u0131z Yerli\/Yabanc\u0131 t\u00fcm marka\/model saya\u00e7lar (268 \u00e7e\u015fit) ile uyumludur Yerli\/Yabanc\u0131 t\u00fcm ak\u0131ll\u0131\/\u015feffaf&hellip; <br \/> <a class=\"read-more\" href=\"https:\/\/www.rimerelektrik.com\/?page_id=25\">Devam\u0131<\/a><\/p>\n","protected":false},"author":1,"featured_media":0,"parent":0,"menu_order":0,"comment_status":"closed","ping_status":"closed","template":"","meta":[],"_links":{"self":[{"href":"https:\/\/www.rimerelektrik.com\/index.php?rest_route=\/wp\/v2\/pages\/25"}],"collection":[{"href":"https:\/\/www.rimerelektrik.com\/index.php?rest_route=\/wp\/v2\/pages"}],"about":[{"href":"https:\/\/www.rimerelektrik.com\/index.php?rest_route=\/wp\/v2\/types\/page"}],"author":[{"embeddable":true,"href":"https:\/\/www.rimerelektrik.com\/index.php?rest_route=\/wp\/v2\/users\/1"}],"replies":[{"embeddable":true,"href":"https:\/\/www.rimerelektrik.com\/index.php?rest_route=%2Fwp%2Fv2%2Fcomments&post=25"}],"version-history":[{"count":8,"href":"https:\/\/www.rimerelektrik.com\/index.php?rest_route=\/wp\/v2\/pages\/25\/revisions"}],"predecessor-version":[{"id":148,"href":"https:\/\/www.rimerelektrik.com\/index.php?rest_route=\/wp\/v2\/pages\/25\/revisions\/148"}],"wp:attachment":[{"href":"https:\/\/www.rimerelektrik.com\/index.php?rest_route=%2Fwp%2Fv2%2Fmedia&parent=25"}],"curies":[{"name":"wp","href":"https:\/\/api.w.org\/{rel}","templated":true}]}}